{"id":1434,"date":"2025-05-09T04:46:10","date_gmt":"2025-05-09T04:46:10","guid":{"rendered":"https:\/\/data-met.com\/?page_id=1434"},"modified":"2025-05-30T07:35:25","modified_gmt":"2025-05-30T07:35:25","slug":"contacto-y-soporte","status":"publish","type":"page","link":"https:\/\/data-met.com\/?page_id=1434","title":{"rendered":"Contacto y Soporte"},"content":{"rendered":"\t\t<div data-elementor-type=\"wp-page\" data-elementor-id=\"1434\" class=\"elementor elementor-1434\" data-elementor-settings=\"{&quot;ha_cmc_init_switcher&quot;:&quot;no&quot;}\">\n\t\t\t\t<div class=\"elementor-element elementor-element-13b2492 e-con-full e-flex e-con e-parent\" data-id=\"13b2492\" data-element_type=\"container\" data-settings=\"{&quot;_ha_eqh_enable&quot;:false}\">\n\t\t\t\t<\/div>\n\t\t<div class=\"elementor-element elementor-element-5e56009 e-con-full e-flex e-con e-child\" data-id=\"5e56009\" data-element_type=\"container\" data-settings=\"{&quot;_ha_eqh_enable&quot;:false}\">\n\t\t<div class=\"elementor-element elementor-element-3786c81 e-con-full elementor-hidden-mobile e-flex e-con e-child\" data-id=\"3786c81\" data-element_type=\"container\" data-settings=\"{&quot;_ha_eqh_enable&quot;:false}\">\n\t\t<div class=\"elementor-element elementor-element-257c049 e-con-full e-flex e-con e-child\" data-id=\"257c049\" data-element_type=\"container\" data-settings=\"{&quot;_ha_eqh_enable&quot;:false}\">\n\t\t\t\t<div class=\"elementor-element elementor-element-1b5f541 elementor-widget__width-initial elementor-widget elementor-widget-heading\" data-id=\"1b5f541\" data-element_type=\"widget\" data-widget_type=\"heading.default\">\n\t\t\t\t<div class=\"elementor-widget-container\">\n\t\t\t\t\t<h2 class=\"elementor-heading-title elementor-size-default\">Informaci\u00f3n de Contacto<\/h2>\t\t\t\t<\/div>\n\t\t\t\t<\/div>\n\t\t\t\t<div class=\"elementor-element elementor-element-92a5ab5 elementor-widget__width-initial elementor-widget elementor-widget-text-editor\" data-id=\"92a5ab5\" data-element_type=\"widget\" data-widget_type=\"text-editor.default\">\n\t\t\t\t<div class=\"elementor-widget-container\">\n\t\t\t\t\t\t\t\t\t<p>Ponte en contacto con nosotros f\u00e1cilmente. Estamos disponibles para responder tus consultas.<\/p>\t\t\t\t\t\t\t\t<\/div>\n\t\t\t\t<\/div>\n\t\t<div class=\"elementor-element elementor-element-163b1f3 e-con-full e-flex e-con e-child\" data-id=\"163b1f3\" data-element_type=\"container\" data-settings=\"{&quot;_ha_eqh_enable&quot;:false}\">\n\t\t\t\t<div class=\"elementor-element elementor-element-da1e5eb elementor-view-default elementor-widget elementor-widget-icon\" data-id=\"da1e5eb\" data-element_type=\"widget\" data-widget_type=\"icon.default\">\n\t\t\t\t<div class=\"elementor-widget-container\">\n\t\t\t\t\t\t\t<div class=\"elementor-icon-wrapper\">\n\t\t\t<div class=\"elementor-icon\">\n\t\t\t<svg xmlns=\"http:\/\/www.w3.org\/2000\/svg\" width=\"22\" height=\"22\" viewBox=\"0 0 22 22\" fill=\"none\"><path d=\"M17.6278 13.9883L15.2994 13.7225C15.0257 13.6903 14.7482 13.7206 14.4878 13.8111C14.2274 13.9016 13.9909 14.05 13.7961 14.245L12.1094 15.9317C9.50739 14.6079 7.39234 12.4929 6.06861 9.89082L7.76445 8.19499C8.15862 7.80082 8.35111 7.25082 8.28695 6.69166L8.02111 4.38166C7.96934 3.93441 7.75479 3.52185 7.41837 3.22262C7.08195 2.92339 6.64719 2.75842 6.19695 2.75916H4.61112C3.57528 2.75916 2.71361 3.62082 2.77778 4.65666C3.26361 12.485 9.52445 18.7367 17.3436 19.2225C18.3794 19.2867 19.2411 18.425 19.2411 17.3892V15.8033C19.2503 14.8775 18.5536 14.0983 17.6278 13.9883Z\" fill=\"#0D47A1\"><\/path><\/svg>\t\t\t<\/div>\n\t\t<\/div>\n\t\t\t\t\t\t<\/div>\n\t\t\t\t<\/div>\n\t\t\t\t<div class=\"elementor-element elementor-element-38d009e elementor-widget elementor-widget-text-editor\" data-id=\"38d009e\" data-element_type=\"widget\" data-widget_type=\"text-editor.default\">\n\t\t\t\t<div class=\"elementor-widget-container\">\n\t\t\t\t\t\t\t\t\t<p>+506 2528-7146<\/p>\t\t\t\t\t\t\t\t<\/div>\n\t\t\t\t<\/div>\n\t\t\t\t<\/div>\n\t\t<div class=\"elementor-element elementor-element-fae378a e-con-full e-flex e-con e-child\" data-id=\"fae378a\" data-element_type=\"container\" data-settings=\"{&quot;_ha_eqh_enable&quot;:false}\">\n\t\t\t\t<div class=\"elementor-element elementor-element-ebf324e elementor-view-default elementor-widget elementor-widget-icon\" data-id=\"ebf324e\" data-element_type=\"widget\" data-widget_type=\"icon.default\">\n\t\t\t\t<div class=\"elementor-widget-container\">\n\t\t\t\t\t\t\t<div class=\"elementor-icon-wrapper\">\n\t\t\t<div class=\"elementor-icon\">\n\t\t\t<svg xmlns=\"http:\/\/www.w3.org\/2000\/svg\" width=\"24\" height=\"24\" viewBox=\"0 0 24 24\" fill=\"none\"><path d=\"M19.0498 4.90999C18.1329 3.9841 17.0408 3.24996 15.8373 2.75036C14.6338 2.25075 13.3429 1.99568 12.0398 1.99999C6.5798 1.99999 2.1298 6.44999 2.1298 11.91C2.1298 13.66 2.5898 15.36 3.4498 16.86L2.0498 22L7.2998 20.62C8.7498 21.41 10.3798 21.83 12.0398 21.83C17.4998 21.83 21.9498 17.38 21.9498 11.92C21.9498 9.26999 20.9198 6.77999 19.0498 4.90999ZM12.0398 20.15C10.5598 20.15 9.1098 19.75 7.8398 19L7.5398 18.82L4.4198 19.64L5.2498 16.6L5.0498 16.29C4.22735 14.9771 3.79073 13.4593 3.7898 11.91C3.7898 7.36999 7.4898 3.66999 12.0298 3.66999C14.2298 3.66999 16.2998 4.52999 17.8498 6.08999C18.6174 6.85386 19.2257 7.76254 19.6394 8.76332C20.0531 9.76411 20.264 10.8371 20.2598 11.92C20.2798 16.46 16.5798 20.15 12.0398 20.15ZM16.5598 13.99C16.3098 13.87 15.0898 13.27 14.8698 13.18C14.6398 13.1 14.4798 13.06 14.3098 13.3C14.1398 13.55 13.6698 14.11 13.5298 14.27C13.3898 14.44 13.2398 14.46 12.9898 14.33C12.7398 14.21 11.9398 13.94 10.9998 13.1C10.2598 12.44 9.7698 11.63 9.6198 11.38C9.4798 11.13 9.5998 11 9.7298 10.87C9.8398 10.76 9.9798 10.58 10.0998 10.44C10.2198 10.3 10.2698 10.19 10.3498 10.03C10.4298 9.85999 10.3898 9.71999 10.3298 9.59999C10.2698 9.47999 9.7698 8.25999 9.5698 7.75999C9.3698 7.27999 9.1598 7.33999 9.0098 7.32999H8.5298C8.3598 7.32999 8.0998 7.38999 7.8698 7.63999C7.6498 7.88999 7.0098 8.48999 7.0098 9.70999C7.0098 10.93 7.89981 12.11 8.0198 12.27C8.1398 12.44 9.7698 14.94 12.2498 16.01C12.8398 16.27 13.2998 16.42 13.6598 16.53C14.2498 16.72 14.7898 16.69 15.2198 16.63C15.6998 16.56 16.6898 16.03 16.8898 15.45C17.0998 14.87 17.0998 14.38 17.0298 14.27C16.9598 14.16 16.8098 14.11 16.5598 13.99Z\" fill=\"#0D47A1\"><\/path><\/svg>\t\t\t<\/div>\n\t\t<\/div>\n\t\t\t\t\t\t<\/div>\n\t\t\t\t<\/div>\n\t\t\t\t<div class=\"elementor-element elementor-element-9271f30 elementor-widget elementor-widget-text-editor\" data-id=\"9271f30\" data-element_type=\"widget\" data-widget_type=\"text-editor.default\">\n\t\t\t\t<div class=\"elementor-widget-container\">\n\t\t\t\t\t\t\t\t\t<p>+506 7115-8580<\/p>\t\t\t\t\t\t\t\t<\/div>\n\t\t\t\t<\/div>\n\t\t\t\t<\/div>\n\t\t<div class=\"elementor-element elementor-element-c40c957 e-con-full e-flex e-con e-child\" data-id=\"c40c957\" data-element_type=\"container\" data-settings=\"{&quot;_ha_eqh_enable&quot;:false}\">\n\t\t\t\t<div class=\"elementor-element elementor-element-35c0dac elementor-view-default elementor-widget elementor-widget-icon\" data-id=\"35c0dac\" data-element_type=\"widget\" data-widget_type=\"icon.default\">\n\t\t\t\t<div class=\"elementor-widget-container\">\n\t\t\t\t\t\t\t<div class=\"elementor-icon-wrapper\">\n\t\t\t<div class=\"elementor-icon\">\n\t\t\t<svg xmlns=\"http:\/\/www.w3.org\/2000\/svg\" width=\"21\" height=\"21\" viewBox=\"0 0 21 21\" fill=\"none\"><path d=\"M19.25 5.24994C19.25 4.28744 18.4625 3.49994 17.5 3.49994H3.5C2.5375 3.49994 1.75 4.28744 1.75 5.24994V15.7499C1.75 16.7124 2.5375 17.4999 3.5 17.4999H17.5C18.4625 17.4999 19.25 16.7124 19.25 15.7499V5.24994ZM17.5 5.24994L10.5 9.62494L3.5 5.24994H17.5ZM17.5 15.7499H3.5V6.99994L10.5 11.3749L17.5 6.99994V15.7499Z\" fill=\"#0D47A1\"><\/path><\/svg>\t\t\t<\/div>\n\t\t<\/div>\n\t\t\t\t\t\t<\/div>\n\t\t\t\t<\/div>\n\t\t\t\t<div class=\"elementor-element elementor-element-f738100 elementor-widget elementor-widget-text-editor\" data-id=\"f738100\" data-element_type=\"widget\" data-widget_type=\"text-editor.default\">\n\t\t\t\t<div class=\"elementor-widget-container\">\n\t\t\t\t\t\t\t\t\t<p>comercial@datamet.com<\/p>\t\t\t\t\t\t\t\t<\/div>\n\t\t\t\t<\/div>\n\t\t\t\t<\/div>\n\t\t\t\t<\/div>\n\t\t\t\t<\/div>\n\t\t<div class=\"elementor-element elementor-element-1144fba e-con-full e-flex e-con e-child\" data-id=\"1144fba\" data-element_type=\"container\" data-settings=\"{&quot;_ha_eqh_enable&quot;:false}\">\n\t\t\t\t<div class=\"elementor-element elementor-element-beb4d4b elementor-widget elementor-widget-heading\" data-id=\"beb4d4b\" data-element_type=\"widget\" data-widget_type=\"heading.default\">\n\t\t\t\t<div class=\"elementor-widget-container\">\n\t\t\t\t\t<h2 class=\"elementor-heading-title elementor-size-default\">Env\u00edanos un mensaje<\/h2>\t\t\t\t<\/div>\n\t\t\t\t<\/div>\n\t\t<div class=\"elementor-element elementor-element-adcece0 e-con-full e-flex e-con e-child\" data-id=\"adcece0\" data-element_type=\"container\" data-settings=\"{&quot;_ha_eqh_enable&quot;:false}\">\n\t\t\t\t<div class=\"elementor-element elementor-element-620078e elementor-widget elementor-widget-ha-cf7 happy-addon ha-cf7\" data-id=\"620078e\" data-element_type=\"widget\" data-widget_type=\"ha-cf7.default\">\n\t\t\t\t<div class=\"elementor-widget-container\">\n\t\t\t\t\t\n<div class=\"wpcf7 no-js\" id=\"wpcf7-f1159-o1\" lang=\"es-ES\" dir=\"ltr\" data-wpcf7-id=\"1159\">\n<div class=\"screen-reader-response\"><p role=\"status\" aria-live=\"polite\" aria-atomic=\"true\"><\/p> <ul><\/ul><\/div>\n<form action=\"\/index.php?rest_route=%2Fwp%2Fv2%2Fpages%2F1434#wpcf7-f1159-o1\" method=\"post\" class=\"wpcf7-form init ha-cf7-form\" aria-label=\"Formulario de contacto\" novalidate=\"novalidate\" data-status=\"init\">\n<div style=\"display: none;\">\n<input type=\"hidden\" name=\"_wpcf7\" value=\"1159\" \/>\n<input type=\"hidden\" name=\"_wpcf7_version\" value=\"6.0.4\" \/>\n<input type=\"hidden\" name=\"_wpcf7_locale\" value=\"es_ES\" \/>\n<input type=\"hidden\" name=\"_wpcf7_unit_tag\" value=\"wpcf7-f1159-o1\" \/>\n<input type=\"hidden\" name=\"_wpcf7_container_post\" value=\"0\" \/>\n<input type=\"hidden\" name=\"_wpcf7_posted_data_hash\" value=\"\" \/>\n<\/div>\n<p><label> Nombre completo<br \/>\n<span class=\"wpcf7-form-control-wrap\" data-name=\"your-name\"><input size=\"40\" maxlength=\"400\" class=\"wpcf7-form-control wpcf7-text wpcf7-validates-as-required\" autocomplete=\"name\" aria-required=\"true\" aria-invalid=\"false\" value=\"\" type=\"text\" name=\"your-name\" \/><\/span><br \/>\n<\/label>\n<\/p>\n<p><label style=\"flex: 1;\"> Asunto<br \/>\n<span class=\"wpcf7-form-control-wrap\" data-name=\"your-subject\"><input size=\"40\" maxlength=\"400\" class=\"wpcf7-form-control wpcf7-text wpcf7-validates-as-required\" autocomplete=\"off\" aria-required=\"true\" aria-invalid=\"false\" value=\"\" type=\"text\" name=\"your-subject\" \/><\/span><br \/>\n<\/label>\n<\/p>\n<p><label style=\"flex: 1;\"> Tel\u00e9fono<br \/>\n<span class=\"wpcf7-form-control-wrap\" data-name=\"your-phone\"><input size=\"40\" maxlength=\"400\" class=\"wpcf7-form-control wpcf7-tel wpcf7-validates-as-required wpcf7-text wpcf7-validates-as-tel\" autocomplete=\"tel\" aria-required=\"true\" aria-invalid=\"false\" value=\"\" type=\"tel\" name=\"your-phone\" \/><\/span><br \/>\n<\/label>\n<\/p>\n<p><label> Correo electr\u00f3nico<br \/>\n<span class=\"wpcf7-form-control-wrap\" data-name=\"your-email\"><input size=\"40\" maxlength=\"400\" class=\"wpcf7-form-control wpcf7-email wpcf7-validates-as-required wpcf7-text wpcf7-validates-as-email\" autocomplete=\"email\" aria-required=\"true\" aria-invalid=\"false\" value=\"\" type=\"email\" name=\"your-email\" \/><\/span><br \/>\n<\/label>\n<\/p>\n<p><label> Su consulta o comentario<br \/>\n<span class=\"wpcf7-form-control-wrap\" data-name=\"your-message\"><textarea cols=\"40\" rows=\"10\" maxlength=\"2000\" class=\"wpcf7-form-control wpcf7-textarea wpcf7-validates-as-required\" aria-required=\"true\" aria-invalid=\"false\" name=\"your-message\"><\/textarea><\/span><br \/>\n<\/label>\n<\/p>\n<p><input class=\"wpcf7-form-control wpcf7-submit has-spinner\" type=\"submit\" value=\"Enviar\" \/>\n<\/p><div class=\"wpcf7-response-output\" aria-hidden=\"true\"><\/div>\n<\/form>\n<\/div>\n\t\t\t\t<\/div>\n\t\t\t\t<\/div>\n\t\t\t\t<\/div>\n\t\t\t\t<\/div>\n\t\t<div class=\"elementor-element elementor-element-c6ea955 e-con-full elementor-hidden-desktop e-flex e-con e-child\" data-id=\"c6ea955\" data-element_type=\"container\" data-settings=\"{&quot;_ha_eqh_enable&quot;:false}\">\n\t\t<div class=\"elementor-element elementor-element-50373e2 e-con-full e-flex e-con e-child\" data-id=\"50373e2\" data-element_type=\"container\" data-settings=\"{&quot;_ha_eqh_enable&quot;:false}\">\n\t\t\t\t<div class=\"elementor-element elementor-element-44ef1ba elementor-widget__width-initial elementor-widget elementor-widget-heading\" data-id=\"44ef1ba\" data-element_type=\"widget\" data-widget_type=\"heading.default\">\n\t\t\t\t<div class=\"elementor-widget-container\">\n\t\t\t\t\t<h2 class=\"elementor-heading-title elementor-size-default\">Informaci\u00f3n de Contacto<\/h2>\t\t\t\t<\/div>\n\t\t\t\t<\/div>\n\t\t\t\t<div class=\"elementor-element elementor-element-9796d90 elementor-widget__width-initial elementor-widget elementor-widget-text-editor\" data-id=\"9796d90\" data-element_type=\"widget\" data-widget_type=\"text-editor.default\">\n\t\t\t\t<div class=\"elementor-widget-container\">\n\t\t\t\t\t\t\t\t\t<p>Ponte en contacto con nosotros f\u00e1cilmente. Estamos disponibles para responder tus consultas.<\/p>\t\t\t\t\t\t\t\t<\/div>\n\t\t\t\t<\/div>\n\t\t<div class=\"elementor-element elementor-element-0b9fb3b e-con-full e-flex e-con e-child\" data-id=\"0b9fb3b\" data-element_type=\"container\" data-settings=\"{&quot;_ha_eqh_enable&quot;:false}\">\n\t\t\t\t<div class=\"elementor-element elementor-element-e4ec50f elementor-view-default elementor-widget elementor-widget-icon\" data-id=\"e4ec50f\" data-element_type=\"widget\" data-widget_type=\"icon.default\">\n\t\t\t\t<div class=\"elementor-widget-container\">\n\t\t\t\t\t\t\t<div class=\"elementor-icon-wrapper\">\n\t\t\t<div class=\"elementor-icon\">\n\t\t\t<svg xmlns=\"http:\/\/www.w3.org\/2000\/svg\" width=\"22\" height=\"22\" viewBox=\"0 0 22 22\" fill=\"none\"><path d=\"M17.6278 13.9883L15.2994 13.7225C15.0257 13.6903 14.7482 13.7206 14.4878 13.8111C14.2274 13.9016 13.9909 14.05 13.7961 14.245L12.1094 15.9317C9.50739 14.6079 7.39234 12.4929 6.06861 9.89082L7.76445 8.19499C8.15862 7.80082 8.35111 7.25082 8.28695 6.69166L8.02111 4.38166C7.96934 3.93441 7.75479 3.52185 7.41837 3.22262C7.08195 2.92339 6.64719 2.75842 6.19695 2.75916H4.61112C3.57528 2.75916 2.71361 3.62082 2.77778 4.65666C3.26361 12.485 9.52445 18.7367 17.3436 19.2225C18.3794 19.2867 19.2411 18.425 19.2411 17.3892V15.8033C19.2503 14.8775 18.5536 14.0983 17.6278 13.9883Z\" fill=\"#0D47A1\"><\/path><\/svg>\t\t\t<\/div>\n\t\t<\/div>\n\t\t\t\t\t\t<\/div>\n\t\t\t\t<\/div>\n\t\t\t\t<div class=\"elementor-element elementor-element-fb94022 elementor-widget elementor-widget-text-editor\" data-id=\"fb94022\" data-element_type=\"widget\" data-widget_type=\"text-editor.default\">\n\t\t\t\t<div class=\"elementor-widget-container\">\n\t\t\t\t\t\t\t\t\t<p>+506 2528-7146<\/p>\t\t\t\t\t\t\t\t<\/div>\n\t\t\t\t<\/div>\n\t\t\t\t<\/div>\n\t\t<div class=\"elementor-element elementor-element-da2813d e-con-full e-flex e-con e-child\" data-id=\"da2813d\" data-element_type=\"container\" data-settings=\"{&quot;_ha_eqh_enable&quot;:false}\">\n\t\t\t\t<div class=\"elementor-element elementor-element-e5a09e0 elementor-view-default elementor-widget elementor-widget-icon\" data-id=\"e5a09e0\" data-element_type=\"widget\" data-widget_type=\"icon.default\">\n\t\t\t\t<div class=\"elementor-widget-container\">\n\t\t\t\t\t\t\t<div class=\"elementor-icon-wrapper\">\n\t\t\t<div class=\"elementor-icon\">\n\t\t\t<svg xmlns=\"http:\/\/www.w3.org\/2000\/svg\" width=\"24\" height=\"24\" viewBox=\"0 0 24 24\" fill=\"none\"><path d=\"M19.0498 4.90999C18.1329 3.9841 17.0408 3.24996 15.8373 2.75036C14.6338 2.25075 13.3429 1.99568 12.0398 1.99999C6.5798 1.99999 2.1298 6.44999 2.1298 11.91C2.1298 13.66 2.5898 15.36 3.4498 16.86L2.0498 22L7.2998 20.62C8.7498 21.41 10.3798 21.83 12.0398 21.83C17.4998 21.83 21.9498 17.38 21.9498 11.92C21.9498 9.26999 20.9198 6.77999 19.0498 4.90999ZM12.0398 20.15C10.5598 20.15 9.1098 19.75 7.8398 19L7.5398 18.82L4.4198 19.64L5.2498 16.6L5.0498 16.29C4.22735 14.9771 3.79073 13.4593 3.7898 11.91C3.7898 7.36999 7.4898 3.66999 12.0298 3.66999C14.2298 3.66999 16.2998 4.52999 17.8498 6.08999C18.6174 6.85386 19.2257 7.76254 19.6394 8.76332C20.0531 9.76411 20.264 10.8371 20.2598 11.92C20.2798 16.46 16.5798 20.15 12.0398 20.15ZM16.5598 13.99C16.3098 13.87 15.0898 13.27 14.8698 13.18C14.6398 13.1 14.4798 13.06 14.3098 13.3C14.1398 13.55 13.6698 14.11 13.5298 14.27C13.3898 14.44 13.2398 14.46 12.9898 14.33C12.7398 14.21 11.9398 13.94 10.9998 13.1C10.2598 12.44 9.7698 11.63 9.6198 11.38C9.4798 11.13 9.5998 11 9.7298 10.87C9.8398 10.76 9.9798 10.58 10.0998 10.44C10.2198 10.3 10.2698 10.19 10.3498 10.03C10.4298 9.85999 10.3898 9.71999 10.3298 9.59999C10.2698 9.47999 9.7698 8.25999 9.5698 7.75999C9.3698 7.27999 9.1598 7.33999 9.0098 7.32999H8.5298C8.3598 7.32999 8.0998 7.38999 7.8698 7.63999C7.6498 7.88999 7.0098 8.48999 7.0098 9.70999C7.0098 10.93 7.89981 12.11 8.0198 12.27C8.1398 12.44 9.7698 14.94 12.2498 16.01C12.8398 16.27 13.2998 16.42 13.6598 16.53C14.2498 16.72 14.7898 16.69 15.2198 16.63C15.6998 16.56 16.6898 16.03 16.8898 15.45C17.0998 14.87 17.0998 14.38 17.0298 14.27C16.9598 14.16 16.8098 14.11 16.5598 13.99Z\" fill=\"#0D47A1\"><\/path><\/svg>\t\t\t<\/div>\n\t\t<\/div>\n\t\t\t\t\t\t<\/div>\n\t\t\t\t<\/div>\n\t\t\t\t<div class=\"elementor-element elementor-element-ab02e92 elementor-widget elementor-widget-text-editor\" data-id=\"ab02e92\" data-element_type=\"widget\" data-widget_type=\"text-editor.default\">\n\t\t\t\t<div class=\"elementor-widget-container\">\n\t\t\t\t\t\t\t\t\t<p>+506 7115-8580<\/p>\t\t\t\t\t\t\t\t<\/div>\n\t\t\t\t<\/div>\n\t\t\t\t<\/div>\n\t\t<div class=\"elementor-element elementor-element-5494743 e-con-full e-flex e-con e-child\" data-id=\"5494743\" data-element_type=\"container\" data-settings=\"{&quot;_ha_eqh_enable&quot;:false}\">\n\t\t\t\t<div class=\"elementor-element elementor-element-0e4e03e elementor-view-default elementor-widget elementor-widget-icon\" data-id=\"0e4e03e\" data-element_type=\"widget\" data-widget_type=\"icon.default\">\n\t\t\t\t<div class=\"elementor-widget-container\">\n\t\t\t\t\t\t\t<div class=\"elementor-icon-wrapper\">\n\t\t\t<div class=\"elementor-icon\">\n\t\t\t<svg xmlns=\"http:\/\/www.w3.org\/2000\/svg\" width=\"21\" height=\"21\" viewBox=\"0 0 21 21\" fill=\"none\"><path d=\"M19.25 5.24994C19.25 4.28744 18.4625 3.49994 17.5 3.49994H3.5C2.5375 3.49994 1.75 4.28744 1.75 5.24994V15.7499C1.75 16.7124 2.5375 17.4999 3.5 17.4999H17.5C18.4625 17.4999 19.25 16.7124 19.25 15.7499V5.24994ZM17.5 5.24994L10.5 9.62494L3.5 5.24994H17.5ZM17.5 15.7499H3.5V6.99994L10.5 11.3749L17.5 6.99994V15.7499Z\" fill=\"#0D47A1\"><\/path><\/svg>\t\t\t<\/div>\n\t\t<\/div>\n\t\t\t\t\t\t<\/div>\n\t\t\t\t<\/div>\n\t\t\t\t<div class=\"elementor-element elementor-element-b653b1d elementor-widget elementor-widget-text-editor\" data-id=\"b653b1d\" data-element_type=\"widget\" data-widget_type=\"text-editor.default\">\n\t\t\t\t<div class=\"elementor-widget-container\">\n\t\t\t\t\t\t\t\t\t<p>comercial@datamet.com<\/p>\t\t\t\t\t\t\t\t<\/div>\n\t\t\t\t<\/div>\n\t\t\t\t<\/div>\n\t\t\t\t<\/div>\n\t\t\t\t<\/div>\n\t\t\t\t<\/div>\n\t\t\t\t<\/div>\n\t\t","protected":false},"excerpt":{"rendered":"<p>Informaci\u00f3n de Contacto Ponte en contacto con nosotros f\u00e1cilmente. Estamos disponibles para responder tus consultas. +506 2528-7146 +506 7115-8580 comercial@datamet.com Env\u00edanos un mensaje Nombre completo Asunto Tel\u00e9fono Correo electr\u00f3nico Su consulta o comentario Informaci\u00f3n de Contacto Ponte en contacto con nosotros f\u00e1cilmente. Estamos disponibles para responder tus consultas. +506 2528-7146 +506 7115-8580 comercial@datamet.com<\/p>\n","protected":false},"author":1,"featured_media":0,"parent":0,"menu_order":0,"comment_status":"closed","ping_status":"closed","template":"","meta":{"footnotes":""},"class_list":["post-1434","page","type-page","status-publish","hentry"],"rttpg_featured_image_url":null,"rttpg_author":{"display_name":"admin","author_link":"https:\/\/data-met.com\/?author=1"},"rttpg_comment":0,"rttpg_category":null,"rttpg_excerpt":"Informaci\u00f3n de Contacto Ponte en contacto con nosotros f\u00e1cilmente. Estamos disponibles para responder tus consultas. +506 2528-7146 +506 7115-8580 comercial@datamet.com Env\u00edanos un mensaje Nombre completo Asunto Tel\u00e9fono Correo electr\u00f3nico Su consulta o comentario Informaci\u00f3n de Contacto Ponte en contacto con nosotros f\u00e1cilmente. Estamos disponibles para responder tus consultas. +506 2528-7146 +506 7115-8580 comercial@datamet.com","_links":{"self":[{"href":"https:\/\/data-met.com\/index.php?rest_route=\/wp\/v2\/pages\/1434","targetHints":{"allow":["GET"]}}],"collection":[{"href":"https:\/\/data-met.com\/index.php?rest_route=\/wp\/v2\/pages"}],"about":[{"href":"https:\/\/data-met.com\/index.php?rest_route=\/wp\/v2\/types\/page"}],"author":[{"embeddable":true,"href":"https:\/\/data-met.com\/index.php?rest_route=\/wp\/v2\/users\/1"}],"replies":[{"embeddable":true,"href":"https:\/\/data-met.com\/index.php?rest_route=%2Fwp%2Fv2%2Fcomments&post=1434"}],"version-history":[{"count":193,"href":"https:\/\/data-met.com\/index.php?rest_route=\/wp\/v2\/pages\/1434\/revisions"}],"predecessor-version":[{"id":2194,"href":"https:\/\/data-met.com\/index.php?rest_route=\/wp\/v2\/pages\/1434\/revisions\/2194"}],"wp:attachment":[{"href":"https:\/\/data-met.com\/index.php?rest_route=%2Fwp%2Fv2%2Fmedia&parent=1434"}],"curies":[{"name":"wp","href":"https:\/\/api.w.org\/{rel}","templated":true}]}}